{"id":261,"date":"2023-10-30T13:16:41","date_gmt":"2023-10-30T17:16:41","guid":{"rendered":"https:\/\/jobs.collegesinstitutes.ca\/?post_type=product&#038;p=261"},"modified":"2025-02-12T09:01:22","modified_gmt":"2025-02-12T14:01:22","slug":"5-annonces-emploi-prioritaires","status":"publish","type":"product","link":"https:\/\/jobs.collegesinstitutes.ca\/fr\/produit\/5-annonces-emploi-prioritaires\/","title":{"rendered":"5 annonces d&#8217;emploi<br\/> prioritaires"},"content":{"rendered":"<ul class=\"list-unstyled m-0\">\n<li class=\"mt-0 mb-3\"><strong>Inclus :<\/strong><\/li>\n<li class=\"mx-0\"><small><i class=\"fab fa-google\"><\/i> Partag\u00e9 sur Google pour l&#8217;emploi<\/small><\/li>\n<li class=\"mx-0\"><small><i class=\"fas fa-star\"><\/i> Mise en vedette sur le site d&rsquo;annonces d&#8217;emploi<\/small><\/li>\n<li class=\"mx-0\"><small><i class=\"fas fa-newspaper\"><\/i> Pr\u00e9sent\u00e9 dans l\u2019infolettre <a href=\"\/fr\/medias-ressources\/perspectives-blogue\/\" target=\"_blank\" rel=\"noopener\">Perspectives<\/a> une fois au cours de la p\u00e9riode de 30 jours<\/small><\/li>\n<li class=\"border-top mt-3 pt-3 mx-0\"><small><i class=\"fas fa-calendar-alt\"><\/i> Jours d&rsquo;affichage : 30<\/small><\/li>\n<li class=\"mx-0 mb-3\"><small><i class=\"fas fa-clipboard-list\"><\/i> Nombre d&rsquo;annonces : 5 <\/small><\/li>\n<\/ul>\n","protected":false},"excerpt":{"rendered":"<p>Inclus : Partag\u00e9 sur Google pour l&#8217;emploi Mise en vedette sur le site d&rsquo;annonces d&#8217;emploi Pr\u00e9sent\u00e9 dans l\u2019infolettre Perspectives une fois au cours de la p\u00e9riode de 30 jours Jours d&rsquo;affichage : 30 Nombre d&rsquo;annonces : 5<\/p>\n","protected":false},"featured_media":0,"template":"","meta":{"_acf_changed":false},"product_brand":[],"product_cat":[47],"product_tag":[],"class_list":{"0":"post-261","1":"product","2":"type-product","3":"status-publish","5":"product_cat-package_ad-fr","7":"first","8":"instock","9":"downloadable","10":"virtual","11":"sold-individually","12":"purchasable","13":"product-type-job_package"},"acf":[],"jetpack_sharing_enabled":true,"_links":{"self":[{"href":"https:\/\/jobs.collegesinstitutes.ca\/fr\/wp-json\/wp\/v2\/product\/261","targetHints":{"allow":["GET"]}}],"collection":[{"href":"https:\/\/jobs.collegesinstitutes.ca\/fr\/wp-json\/wp\/v2\/product"}],"about":[{"href":"https:\/\/jobs.collegesinstitutes.ca\/fr\/wp-json\/wp\/v2\/types\/product"}],"wp:attachment":[{"href":"https:\/\/jobs.collegesinstitutes.ca\/fr\/wp-json\/wp\/v2\/media?parent=261"}],"wp:term":[{"taxonomy":"product_brand","embeddable":true,"href":"https:\/\/jobs.collegesinstitutes.ca\/fr\/wp-json\/wp\/v2\/product_brand?post=261"},{"taxonomy":"product_cat","embeddable":true,"href":"https:\/\/jobs.collegesinstitutes.ca\/fr\/wp-json\/wp\/v2\/product_cat?post=261"},{"taxonomy":"product_tag","embeddable":true,"href":"https:\/\/jobs.collegesinstitutes.ca\/fr\/wp-json\/wp\/v2\/product_tag?post=261"}],"curies":[{"name":"wp","href":"https:\/\/api.w.org\/{rel}","templated":true}]}}